{"id":3929,"date":"2018-08-24T07:36:57","date_gmt":"2018-08-24T07:36:57","guid":{"rendered":"https:\/\/integrationyantra.com\/?page_id=3929"},"modified":"2023-02-22T14:50:58","modified_gmt":"2023-02-22T14:50:58","slug":"services-de-marketing-creatif","status":"publish","type":"page","link":"https:\/\/integrationyantra.com\/fr\/nos-services\/services-de-marketing-creatif\/","title":{"rendered":"Services de marketing cr\u00e9atif"},"content":{"rendered":"<\/div><\/div><\/div><!-- close content main div --><\/div><\/div><div id='banner_creative' class='avia-section main_color avia-section-default avia-no-shadow av-section-color-overlay-active avia-bg-style-scroll    av-minimum-height av-minimum-height-custom container_wrap sidebar_right' style = 'background-repeat: no-repeat; background-image: url(https:\/\/integrationyantra.com\/wp-content\/uploads\/2018\/04\/7b11b6b3cd55d48779bd8867d048c6b6.jpg); background-attachment: scroll; background-position: center center; ' data-section-bg-repeat='no-repeat' ><div class='av-section-color-overlay-wrap'><div class='av-section-color-overlay' style='opacity: 0.5; background-color: #111111; '><\/div><div class='container' style='height:400px'><div class='template-page content  av-content-small alpha units'><div class='post-entry post-entry-type-page post-entry-3929'><div class='entry-content-wrapper clearfix'>\n<section class=\"av_textblock_section \"  itemscope=\"itemscope\" itemtype=\"https:\/\/schema.org\/CreativeWork\" ><div class='avia_textblock  '   itemprop=\"text\" ><h1><span class=\"header_img\">Services de marketing cr\u00e9atif<\/span><\/h1>\n<\/div><\/section>\n<\/div><\/div><\/div><!-- close content main div --><\/div><\/div><\/div><div id='after_section_1' class='main_color av_default_container_wrap container_wrap sidebar_right'   ><div class='container' ><div class='template-page content  av-content-small alpha units'><div class='post-entry post-entry-type-page post-entry-3929'><div class='entry-content-wrapper clearfix'>\n<\/div><\/div><\/div><!-- close content main div --><\/div><\/div><div id='over_slider' class='avia-section main_color avia-section-default avia-no-shadow avia-bg-style-scroll   container_wrap sidebar_right'   ><div class='container' ><div class='template-page content  av-content-small alpha units'><div class='post-entry post-entry-type-page post-entry-3929'><div class='entry-content-wrapper clearfix'>\n<section class=\"av_textblock_section \"  itemscope=\"itemscope\" itemtype=\"https:\/\/schema.org\/CreativeWork\" ><div class='avia_textblock  '   itemprop=\"text\" ><p>Bien qu&#8217;une grande partie du marketing num\u00e9rique soit un processus technologiquement complexe, les marques qui r\u00e9ussissent comprennent qu&#8217;il s&#8217;agit \u00e0 la fois d&#8217;un art et d&#8217;une science. Il faut r\u00e9ussir de mani\u00e8re technique et cr\u00e9ative pour pouvoir se d\u00e9marquer aupr\u00e8s des utilisateurs. Notre approche est de transformer la compr\u00e9hension de vos clients en des messages clairs, passionn\u00e9s et applicables &#8211; qu&#8217;il s&#8217;agisse d&#8217;un support \u00e9crit ou visuel. Pour nous, la cl\u00e9 d&#8217;une exp\u00e9rience client positive et m\u00e9morable est de bien comprendre votre public cible.<\/p>\n<\/div><\/section>\n<div class='avia-image-container  av-styling-    avia-align-center '  itemprop=\"ImageObject\" itemscope=\"itemscope\" itemtype=\"https:\/\/schema.org\/ImageObject\"  ><div class='avia-image-container-inner'><img class='avia_image ' src='https:\/\/integrationyantra.com\/wp-content\/uploads\/2018\/04\/graphics.png' alt='' title='graphics'   itemprop=\"thumbnailUrl\"  \/><\/div><\/div>\n<\/div><\/div><\/div><!-- close content main div --><\/div><\/div><div id='after_section_2' class='main_color av_default_container_wrap container_wrap sidebar_right'   ><div class='container' ><div class='template-page content  av-content-small alpha units'><div class='post-entry post-entry-type-page post-entry-3929'><div class='entry-content-wrapper clearfix'>\n<\/div><\/div><\/div><!-- close content main div --><\/div><\/div><div id='second_sec' class='avia-section main_color avia-section-default avia-no-border-styling avia-bg-style-scroll   container_wrap sidebar_right' style = 'background-repeat: no-repeat; background-image: url(https:\/\/integrationyantra.com\/wp-content\/uploads\/2018\/04\/bulb_img-253x300.png); background-attachment: scroll; background-position: center left; ' data-section-bg-repeat='no-repeat' ><div class='container' ><div class='template-page content  av-content-small alpha units'><div class='post-entry post-entry-type-page post-entry-3929'><div class='entry-content-wrapper clearfix'>\n<div class=\"flex_column av_one_full  flex_column_div av-zero-column-padding first  \" style='border-radius:0px; '><p><div style='padding-bottom:10px;font-size:25px;' class='av-special-heading av-special-heading-h3  blockquote modern-quote   av-inherit-size '><h3 class='av-special-heading-tag '  itemprop=\"headline\"  >\u00c9criture cr\u00e9ative<\/h3><div class='special-heading-border'><div class='special-heading-inner-border' ><\/div><\/div><\/div><br \/>\n<section class=\"av_textblock_section \"  itemscope=\"itemscope\" itemtype=\"https:\/\/schema.org\/CreativeWork\" ><div class='avia_textblock  '   itemprop=\"text\" ><p>Comment \u00e9crire pour influencer les gens ? Quels messages plaisent \u00e0 votre public (et pourquoi) ? Comment transmettre votre message de mani\u00e8re aussi efficace que possible ? Comment assurer \u00e0 votre marque une &#8220;voix&#8221; coh\u00e9rente sur\u00a0tous vos canaux\u00a0de communication ? La compr\u00e9hension et les \u00e9motions se rencontrent \u00e0 l&#8217;\u00e9crit : afin d&#8217;influencer les gens, ou d&#8217;exprimer une pens\u00e9e ou une id\u00e9e. Notre \u00e9quipe associe cr\u00e9ativit\u00e9 et science afin de d\u00e9velopper des messages exprimant l&#8217;identit\u00e9 ultime de votre marque.<\/p>\n<\/div><\/section><br \/>\n<div class='avia-button-wrap avia-button-left  '><a href='https:\/\/integrationyantra.com\/fr\/contactez-nous\/' class='avia-button   avia-icon_select-no avia-color-custom avia-size-small avia-position-left '  style='background-color:#4ec3ad; border-color:#4ec3ad; color:#ffffff; ' ><span class='avia_iconbox_title' >Racontons votre histoire<\/span><\/a><\/div><\/p><\/div>\n<\/div><\/div><\/div><!-- close content main div --><\/div><\/div><div id='after_section_3' class='main_color av_default_container_wrap container_wrap sidebar_right'   ><div class='container' ><div class='template-page content  av-content-small alpha units'><div class='post-entry post-entry-type-page post-entry-3929'><div class='entry-content-wrapper clearfix'>\n<\/div><\/div><\/div><!-- close content main div --><\/div><\/div><div id='third_sec' class='avia-section main_color avia-section-default avia-no-border-styling avia-bg-style-scroll   container_wrap sidebar_right' style = 'background-repeat: no-repeat; background-image: url(https:\/\/integrationyantra.com\/wp-content\/uploads\/2018\/04\/tool_img-1-258x300.png); background-attachment: scroll; background-position: center right; ' data-section-bg-repeat='no-repeat' ><div class='container' ><div class='template-page content  av-content-small alpha units'><div class='post-entry post-entry-type-page post-entry-3929'><div class='entry-content-wrapper clearfix'>\n<div class=\"flex_column av_one_full  flex_column_div av-zero-column-padding first  \" style='border-radius:0px; '><p><div style='padding-bottom:10px;font-size:25px;' class='av-special-heading av-special-heading-h3  blockquote modern-quote   av-inherit-size '><h3 class='av-special-heading-tag '  itemprop=\"headline\"  >Conception de l\u2019exp\u00e9rience client<\/h3><div class='special-heading-border'><div class='special-heading-inner-border' ><\/div><\/div><\/div><br \/>\n<section class=\"av_textblock_section \"  itemscope=\"itemscope\" itemtype=\"https:\/\/schema.org\/CreativeWork\" ><div class='avia_textblock  '   itemprop=\"text\" ><p>Que savez-vous de l&#8217;exp\u00e9rience de vos clients avec vos produits ou services ? Comment interagissent-ils avec vous ? Qu&#8217;est-ce qui les bloque ? Qu&#8217;est-ce qui leur pla\u00eet dans vos offres ? Que choisiraient-ils d&#8217;am\u00e9liorer ? Comment pouvez-vous d\u00e9velopper une exp\u00e9rience client captivante et sans heurts ?<\/p>\n<p>Qu&#8217;il s&#8217;agisse de concevoir une appli ou d&#8217;am\u00e9liorer votre site Web, nous utilisons une kyrielle d&#8217;outils de pointe afin de comprendre exactement la mani\u00e8re dont vos clients interagissent avec vous. Un design ad\u00e9quat de l&#8217;exp\u00e9rience client peut permettre de maximiser vos entonnoirs de vente, d&#8217;acc\u00e9l\u00e9rer le processus d&#8217;accueil, ou m\u00eame simplement d&#8217;assurer un acc\u00e8s facile aux informations.<\/p>\n<p>Que vous partiez de z\u00e9ro ou que vous cherchiez \u00e0 am\u00e9liorer vos acquis, notre \u00e9quipe est pr\u00eate \u00e0 vous apporter son soutien.<\/p>\n<\/div><\/section><br \/>\n<div class='avia-button-wrap avia-button-left  '><a href='https:\/\/integrationyantra.com\/fr\/contactez-nous\/' class='avia-button   avia-icon_select-no avia-color-custom avia-size-small avia-position-left '  style='background-color:#4ec3ad; border-color:#4ec3ad; color:#ffffff; ' ><span class='avia_iconbox_title' >Engageons vos clients<\/span><\/a><\/div><\/p><\/div>\n<\/div><\/div><\/div><!-- close content main div --><\/div><\/div><div id='after_section_4' class='main_color av_default_container_wrap container_wrap sidebar_right'   ><div class='container' ><div class='template-page content  av-content-small alpha units'><div class='post-entry post-entry-type-page post-entry-3929'><div class='entry-content-wrapper clearfix'>\n<\/div><\/div><\/div><!-- close content main div --><\/div><\/div><div id='fourth_sec' class='avia-section main_color avia-section-default avia-no-border-styling avia-bg-style-scroll   container_wrap sidebar_right' style = 'background-repeat: no-repeat; background-image: url(https:\/\/integrationyantra.com\/wp-content\/uploads\/2018\/04\/glass_img-252x300.png); background-attachment: scroll; background-position: center left; ' data-section-bg-repeat='no-repeat' ><div class='container' ><div class='template-page content  av-content-small alpha units'><div class='post-entry post-entry-type-page post-entry-3929'><div class='entry-content-wrapper clearfix'>\n<div class=\"flex_column av_one_full  flex_column_div av-zero-column-padding first  \" style='border-radius:0px; '><p><div style='padding-bottom:10px;font-size:25px;' class='av-special-heading av-special-heading-h3  blockquote modern-quote   av-inherit-size '><h3 class='av-special-heading-tag '  itemprop=\"headline\"  >Branding en ligne et hors ligne<\/h3><div class='special-heading-border'><div class='special-heading-inner-border' ><\/div><\/div><\/div><br \/>\n<section class=\"av_textblock_section \"  itemscope=\"itemscope\" itemtype=\"https:\/\/schema.org\/CreativeWork\" ><div class='avia_textblock  '   itemprop=\"text\" ><p>Est-ce que votre marque a sa propre &#8220;voix&#8221; ? Est-ce qu&#8217;elle est coh\u00e9rente sur tous vos canaux de communication ? Est-elle refl\u00e9t\u00e9e par les bases techniques de votre site ? Comment pouvez-vous \u00e9largir votre sph\u00e8re d&#8217;influence afin d&#8217;amener des clients potentiels sur votre site ?<\/p>\n<p>Nous utilisons une kyrielle d&#8217;activit\u00e9s en et hors ligne afin de maximiser la port\u00e9e de votre site sans compromettre la coh\u00e9rence et la qualit\u00e9 de celui-ci. Nous pouvons \u00e9tablir une harmonie id\u00e9ale entre les \u00e9l\u00e9ments techniques et cr\u00e9atifs de vos pages Web, \u00e0 laquelle les moteurs de recherches et vos utilisateurs ne pourront pas r\u00e9sister. Que vous vouliez vous \u00e9tablir en tant que leader d&#8217;opinion, d\u00e9velopper un forum o\u00f9 vos utilisateurs pourront parler de votre marque ou pour rassembler et r\u00e9pondre aux commentaires clients&#8230; Nous pouvons transformer chaque point de contact avec votre public en une opportunit\u00e9 de conversation.<\/p>\n<\/div><\/section><br \/>\n<div class='avia-button-wrap avia-button-left  '><a href='https:\/\/integrationyantra.com\/fr\/contactez-nous\/' class='avia-button   avia-icon_select-no avia-color-custom avia-size-small avia-position-left '  style='background-color:#4ec3ad; border-color:#4ec3ad; color:#ffffff; ' ><span class='avia_iconbox_title' >Construisons votre marque<\/span><\/a><\/div><\/p><\/div>\n<\/div><\/div><\/div><!-- close content main div --><\/div><\/div><div id='after_section_5' class='main_color av_default_container_wrap container_wrap sidebar_right'   ><div class='container' ><div class='template-page content  av-content-small alpha units'><div class='post-entry post-entry-type-page post-entry-3929'><div class='entry-content-wrapper clearfix'>\n<\/div><\/div><\/div><!-- close content main div --><\/div><\/div><div id='creative_sec_last' class='avia-section main_color avia-section-default avia-no-border-styling avia-bg-style-scroll   container_wrap sidebar_right'   ><div class='container' ><div class='template-page content  av-content-small alpha units'><div class='post-entry post-entry-type-page post-entry-3929'><div class='entry-content-wrapper clearfix'>\n<div style='padding-bottom:10px;' class='av-special-heading av-special-heading-h3  blockquote modern-quote modern-centered   '><h3 class='av-special-heading-tag '  itemprop=\"headline\"  >Vous attendez une solution que vous n\u2019avez pas vue ? Nous sommes heureux de vous aider.<\/h3><div class='special-heading-border'><div class='special-heading-inner-border' ><\/div><\/div><\/div>\n<div class='avia-button-wrap avia-button-center  '><a href='https:\/\/integrationyantra.com\/fr\/contactez-nous\/' class='avia-button   avia-icon_select-no avia-color-custom avia-size-large avia-position-center '  style='background-color:#4ec3ad; border-color:#4ec3ad; color:#ffffff; ' ><span class='avia_iconbox_title' >Demandez-nous<\/span><\/a><\/div>\n<\/div><\/div><\/div><!-- close content main div --><\/div><\/div><div id='after_section_6' class='main_color av_default_container_wrap container_wrap sidebar_right'   ><div class='container' ><div class='template-page content  av-content-small alpha units'><div class='post-entry post-entry-type-page post-entry-3929'><div class='entry-content-wrapper clearfix'>\n","protected":false},"excerpt":{"rendered":"","protected":false},"author":1,"featured_media":0,"parent":3922,"menu_order":0,"comment_status":"closed","ping_status":"closed","template":"","meta":[],"aioseo_notices":[],"yoast_head":"<!-- This site is optimized with the Yoast SEO Premium plugin v20.2.1 (Yoast SEO v20.2.1) - https:\/\/yoast.com\/wordpress\/plugins\/seo\/ -->\n<title>Services de marketing cr\u00e9atif - Integration Yantra Inc.<\/title>\n<meta name=\"robots\" content=\"index, follow, max-snippet:-1, max-image-preview:large, max-video-preview:-1\" \/>\n<link rel=\"canonical\" href=\"https:\/\/integrationyantra.com\/fr\/nos-services\/services-de-marketing-creatif\/\" \/>\n<meta property=\"og:locale\" content=\"fr_FR\" \/>\n<meta property=\"og:type\" content=\"article\" \/>\n<meta property=\"og:title\" content=\"Services de marketing cr\u00e9atif\" \/>\n<meta property=\"og:url\" content=\"https:\/\/integrationyantra.com\/fr\/nos-services\/services-de-marketing-creatif\/\" \/>\n<meta property=\"og:site_name\" content=\"Integration Yantra Inc.\" \/>\n<meta property=\"article:publisher\" content=\"https:\/\/www.facebook.com\/IntegrationYantra\/\" \/>\n<meta property=\"article:modified_time\" content=\"2023-02-22T14:50:58+00:00\" \/>\n<meta name=\"twitter:card\" content=\"summary_large_image\" \/>\n<meta name=\"twitter:site\" content=\"@iyantrainc\" \/>\n<meta name=\"twitter:label1\" content=\"Est. reading time\" \/>\n\t<meta name=\"twitter:data1\" content=\"9 minutes\" \/>\n<script type=\"application\/ld+json\" class=\"yoast-schema-graph\">{\"@context\":\"https:\/\/schema.org\",\"@graph\":[{\"@type\":\"WebPage\",\"@id\":\"https:\/\/integrationyantra.com\/fr\/nos-services\/services-de-marketing-creatif\/\",\"url\":\"https:\/\/integrationyantra.com\/fr\/nos-services\/services-de-marketing-creatif\/\",\"name\":\"Services de marketing cr\u00e9atif - Integration Yantra Inc.\",\"isPartOf\":{\"@id\":\"https:\/\/integrationyantra.com\/en\/#website\"},\"datePublished\":\"2018-08-24T07:36:57+00:00\",\"dateModified\":\"2023-02-22T14:50:58+00:00\",\"breadcrumb\":{\"@id\":\"https:\/\/integrationyantra.com\/fr\/nos-services\/services-de-marketing-creatif\/#breadcrumb\"},\"inLanguage\":\"fr-FR\",\"potentialAction\":[{\"@type\":\"ReadAction\",\"target\":[\"https:\/\/integrationyantra.com\/fr\/nos-services\/services-de-marketing-creatif\/\"]}]},{\"@type\":\"BreadcrumbList\",\"@id\":\"https:\/\/integrationyantra.com\/fr\/nos-services\/services-de-marketing-creatif\/#breadcrumb\",\"itemListElement\":[{\"@type\":\"ListItem\",\"position\":1,\"name\":\"Home\",\"item\":\"https:\/\/integrationyantra.com\/fr\/\"},{\"@type\":\"ListItem\",\"position\":2,\"name\":\"Services de marketing cr\u00e9atif, digital et de d\u00e9veloppement du commerce \u00e9lectronique\",\"item\":\"https:\/\/integrationyantra.com\/fr\/nos-services\/\"},{\"@type\":\"ListItem\",\"position\":3,\"name\":\"Services de marketing cr\u00e9atif\"}]},{\"@type\":\"WebSite\",\"@id\":\"https:\/\/integrationyantra.com\/en\/#website\",\"url\":\"https:\/\/integrationyantra.com\/en\/\",\"name\":\"Integration Yantra Inc.\",\"description\":\"Trusted expert for all your digital solutions\",\"publisher\":{\"@id\":\"https:\/\/integrationyantra.com\/en\/#organization\"},\"potentialAction\":[{\"@type\":\"SearchAction\",\"target\":{\"@type\":\"EntryPoint\",\"urlTemplate\":\"https:\/\/integrationyantra.com\/en\/?s={search_term_string}\"},\"query-input\":\"required name=search_term_string\"}],\"inLanguage\":\"fr-FR\"},{\"@type\":\"Organization\",\"@id\":\"https:\/\/integrationyantra.com\/en\/#organization\",\"name\":\"Integration Yantra Inc.\",\"alternateName\":\"Integration Yantra\",\"url\":\"https:\/\/integrationyantra.com\/en\/\",\"logo\":{\"@type\":\"ImageObject\",\"inLanguage\":\"fr-FR\",\"@id\":\"https:\/\/integrationyantra.com\/en\/#\/schema\/logo\/image\/\",\"url\":\"https:\/\/integrationyantra.com\/wp-content\/uploads\/2023\/03\/integration-yantra-logo-symbol.png\",\"contentUrl\":\"https:\/\/integrationyantra.com\/wp-content\/uploads\/2023\/03\/integration-yantra-logo-symbol.png\",\"width\":149,\"height\":149,\"caption\":\"Integration Yantra Inc.\"},\"image\":{\"@id\":\"https:\/\/integrationyantra.com\/en\/#\/schema\/logo\/image\/\"},\"sameAs\":[\"https:\/\/www.facebook.com\/IntegrationYantra\/\",\"https:\/\/twitter.com\/iyantrainc\",\"https:\/\/www.linkedin.com\/company\/iyantrainc\"]}]}<\/script>\n<!-- \/ Yoast SEO Premium plugin. -->","yoast_head_json":{"title":"Services de marketing cr\u00e9atif - Integration Yantra Inc.","robots":{"index":"index","follow":"follow","max-snippet":"max-snippet:-1","max-image-preview":"max-image-preview:large","max-video-preview":"max-video-preview:-1"},"canonical":"https:\/\/integrationyantra.com\/fr\/nos-services\/services-de-marketing-creatif\/","og_locale":"fr_FR","og_type":"article","og_title":"Services de marketing cr\u00e9atif","og_url":"https:\/\/integrationyantra.com\/fr\/nos-services\/services-de-marketing-creatif\/","og_site_name":"Integration Yantra Inc.","article_publisher":"https:\/\/www.facebook.com\/IntegrationYantra\/","article_modified_time":"2023-02-22T14:50:58+00:00","twitter_card":"summary_large_image","twitter_site":"@iyantrainc","twitter_misc":{"Est. reading time":"9 minutes"},"schema":{"@context":"https:\/\/schema.org","@graph":[{"@type":"WebPage","@id":"https:\/\/integrationyantra.com\/fr\/nos-services\/services-de-marketing-creatif\/","url":"https:\/\/integrationyantra.com\/fr\/nos-services\/services-de-marketing-creatif\/","name":"Services de marketing cr\u00e9atif - Integration Yantra Inc.","isPartOf":{"@id":"https:\/\/integrationyantra.com\/en\/#website"},"datePublished":"2018-08-24T07:36:57+00:00","dateModified":"2023-02-22T14:50:58+00:00","breadcrumb":{"@id":"https:\/\/integrationyantra.com\/fr\/nos-services\/services-de-marketing-creatif\/#breadcrumb"},"inLanguage":"fr-FR","potentialAction":[{"@type":"ReadAction","target":["https:\/\/integrationyantra.com\/fr\/nos-services\/services-de-marketing-creatif\/"]}]},{"@type":"BreadcrumbList","@id":"https:\/\/integrationyantra.com\/fr\/nos-services\/services-de-marketing-creatif\/#breadcrumb","itemListElement":[{"@type":"ListItem","position":1,"name":"Home","item":"https:\/\/integrationyantra.com\/fr\/"},{"@type":"ListItem","position":2,"name":"Services de marketing cr\u00e9atif, digital et de d\u00e9veloppement du commerce \u00e9lectronique","item":"https:\/\/integrationyantra.com\/fr\/nos-services\/"},{"@type":"ListItem","position":3,"name":"Services de marketing cr\u00e9atif"}]},{"@type":"WebSite","@id":"https:\/\/integrationyantra.com\/en\/#website","url":"https:\/\/integrationyantra.com\/en\/","name":"Integration Yantra Inc.","description":"Trusted expert for all your digital solutions","publisher":{"@id":"https:\/\/integrationyantra.com\/en\/#organization"},"potentialAction":[{"@type":"SearchAction","target":{"@type":"EntryPoint","urlTemplate":"https:\/\/integrationyantra.com\/en\/?s={search_term_string}"},"query-input":"required name=search_term_string"}],"inLanguage":"fr-FR"},{"@type":"Organization","@id":"https:\/\/integrationyantra.com\/en\/#organization","name":"Integration Yantra Inc.","alternateName":"Integration Yantra","url":"https:\/\/integrationyantra.com\/en\/","logo":{"@type":"ImageObject","inLanguage":"fr-FR","@id":"https:\/\/integrationyantra.com\/en\/#\/schema\/logo\/image\/","url":"https:\/\/integrationyantra.com\/wp-content\/uploads\/2023\/03\/integration-yantra-logo-symbol.png","contentUrl":"https:\/\/integrationyantra.com\/wp-content\/uploads\/2023\/03\/integration-yantra-logo-symbol.png","width":149,"height":149,"caption":"Integration Yantra Inc."},"image":{"@id":"https:\/\/integrationyantra.com\/en\/#\/schema\/logo\/image\/"},"sameAs":["https:\/\/www.facebook.com\/IntegrationYantra\/","https:\/\/twitter.com\/iyantrainc","https:\/\/www.linkedin.com\/company\/iyantrainc"]}]}},"_links":{"self":[{"href":"https:\/\/integrationyantra.com\/fr\/wp-json\/wp\/v2\/pages\/3929\/"}],"collection":[{"href":"https:\/\/integrationyantra.com\/fr\/wp-json\/wp\/v2\/pages\/"}],"about":[{"href":"https:\/\/integrationyantra.com\/fr\/wp-json\/wp\/v2\/types\/page\/"}],"author":[{"embeddable":true,"href":"https:\/\/integrationyantra.com\/fr\/wp-json\/wp\/v2\/users\/1\/"}],"replies":[{"embeddable":true,"href":"https:\/\/integrationyantra.com\/fr\/wp-json\/wp\/v2\/comments\/?post=3929"}],"version-history":[{"count":10,"href":"https:\/\/integrationyantra.com\/fr\/wp-json\/wp\/v2\/pages\/3929\/revisions\/"}],"predecessor-version":[{"id":6575,"href":"https:\/\/integrationyantra.com\/fr\/wp-json\/wp\/v2\/pages\/3929\/revisions\/6575\/"}],"up":[{"embeddable":true,"href":"https:\/\/integrationyantra.com\/fr\/wp-json\/wp\/v2\/pages\/3922\/"}],"wp:attachment":[{"href":"https:\/\/integrationyantra.com\/fr\/wp-json\/wp\/v2\/media\/?parent=3929"}],"curies":[{"name":"wp","href":"https:\/\/api.w.org\/{rel}","templated":true}]}}