{"id":3925,"date":"2013-04-05T13:33:38","date_gmt":"2013-04-05T13:33:38","guid":{"rendered":"https:\/\/integrationyantra.com\/?page_id=3925"},"modified":"2026-03-04T04:13:41","modified_gmt":"2026-03-04T04:13:41","slug":"contactez-nous","status":"publish","type":"page","link":"https:\/\/integrationyantra.com\/fr\/contactez-nous\/","title":{"rendered":"Contactez-nous"},"content":{"rendered":"<div id='layer_slider_1' class='avia-layerslider main_color avia-shadow  container_wrap sidebar_right'    style='height: 451px;' ><\/div>\n<\/div><\/div><\/div><!-- close content main div --><\/div><\/div><div id='over_slider' class='avia-section main_color avia-section-default avia-no-shadow avia-bg-style-scroll   container_wrap sidebar_right'   ><div class='container' ><div class='template-page content  av-content-small alpha units'><div class='post-entry post-entry-type-page post-entry-3925'><div class='entry-content-wrapper clearfix'>\n<section class=\"av_textblock_section \"  itemscope=\"itemscope\" itemtype=\"https:\/\/schema.org\/CreativeWork\" ><div class='avia_textblock  '   itemprop=\"text\" ><p>Nous sommes une \u00e9quipe mondiale, et nous sommes toujours pr\u00eats \u00e0 vous aider lorsque vous avez besoin de nous. Chaque projet commence par une conversation, et nous sommes pr\u00eats \u00e0 entendre ce que vous avez \u00e0 dire. Pour entrer en contact, n&#8217;h\u00e9sitez pas \u00e0 nous envoyer un e-mail.<\/p>\n<p><strong>Notre promesse s&#8217;explique le plus facilement par la phrase suivante :<\/strong><br \/>\nQuand nous travaillons. Nous travaillons pour vous. Quand nous disons que nous allons \u00eatre disponibles. Nous sommes disponibles. Notre \u00e9nergie, notre professionnalisme et notre expertise sont toujours mis au service de nos clients en premier lieu.<\/p>\n<\/div><\/section>\n<\/div><\/div><\/div><!-- close content main div --><\/div><\/div><div id='after_section_1' class='main_color av_default_container_wrap container_wrap sidebar_right'   ><div class='container' ><div class='template-page content  av-content-small alpha units'><div class='post-entry post-entry-type-page post-entry-3925'><div class='entry-content-wrapper clearfix'>\n<section class=\"av_textblock_section \"  itemscope=\"itemscope\" itemtype=\"https:\/\/schema.org\/CreativeWork\" ><div class='avia_textblock  '   itemprop=\"text\" ><p><strong>Veuillez remplir le formulaire ci-dessous pour nous contacter :<\/strong><\/p>\n<form method=\"post\" enctype=\"multipart\/form-data\" id=\"vfbp-form-6\" class=\"vfbp-form\"><div style=\"display:none;\"><label for=\"vfbp-EMAIL-AN8fuQyoDLXem\">Si vous \u00eates humain, laissez ce champ vide.<\/label><input size=\"25\" autocomplete=\"off\" type=\"text\" name=\"vfbp-EMAIL-AN8fuQyoDLXem\" value=\"\" id=\"\"><\/div><input type=\"hidden\" name=\"_vfb-timestamp-6\" value=\"1776353562\" id=\"\"><input type=\"hidden\" name=\"_vfb-form-id\" value=\"6\" id=\"\"><input type=\"hidden\" name=\"_vfb-token-6\" value=\"MTc3NjM1MzU2MlQzSzNnTHVVWm05QUZYaFVSQVlPZGk3cHJKWW5iOHdU\" id=\"\"><div class=\"vfb-col-12 vfb-fieldType-name\" id=\"vfbField88\"><div class=\"vfb-form-group\"><label for=\"vfb-field-88\" class=\"vfb-control-label\">Nom Comple: <span class=\"vfb-required-asterisk\">*<\/span><\/label><div class=\"vfb-name-block\"><div class=\"vfb-form-group\"><div class=\"vfb-col-6\"><input id=\"vfb-field-88-first\" class=\"vfb-form-control vfb-namepart-first\" placeholder=\"Pr&eacute;nom\" required=\"required\" type=\"text\" name=\"vfb-field-88[first]\"><\/div><\/div><div class=\"vfb-form-group\"><div class=\"vfb-col-6\"><input id=\"vfb-field-88-last\" class=\"vfb-form-control vfb-namepart-last\" placeholder=\"Nom\" required=\"required\" type=\"text\" name=\"vfb-field-88[last]\"><\/div><\/div><\/div><\/div><\/div><div class=\"vfb-clearfix\"><\/div><div class=\"vfb-col-8 vfb-fieldType-text\" id=\"vfbField91\"><div class=\"vfb-form-group\"><label for=\"vfb-field-91\" class=\"vfb-control-label\">Le nom de votre entreprise : <span class=\"vfb-required-asterisk\">*<\/span><\/label><div><input id=\"vfb-field-91\" class=\"vfb-form-control\" placeholder=\"\" required=\"required\" type=\"text\" name=\"vfb-field-91\" value=\"\"><\/div><\/div><\/div><div class=\"vfb-col-5 vfb-fieldType-email\" id=\"vfbField92\"><div class=\"vfb-form-group\"><label for=\"vfb-field-92\" class=\"vfb-control-label\">Votre adresse e-mail : <span class=\"vfb-required-asterisk\">*<\/span><\/label><div><input id=\"vfb-field-92\" class=\"vfb-form-control\" placeholder=\"\" required=\"required\" type=\"email\" name=\"vfb-field-92\" value=\"\"><\/div><\/div><\/div><div class=\"vfb-clearfix\"><\/div><div class=\"vfb-col-5 vfb-fieldType-phone\" id=\"vfbField93\"><div class=\"vfb-form-group\"><label for=\"vfb-field-93\" class=\"vfb-control-label\">N\u00b0 de t\u00e9l\u00e9phone : <span class=\"vfb-required-asterisk\">*<\/span><\/label><div><input id=\"vfb-field-93\" class=\"vfb-form-control vfb-intl-phone\" placeholder=\"\" required=\"required\" type=\"tel\" name=\"vfb-field-93\" value=\"\"><\/div><\/div><\/div><div class=\"vfb-col-12 vfb-fieldType-select\" id=\"vfbField94\"><label for=\"vfb-field-94\" class=\"vfb-control-label\"> <span class=\"vfb-required-asterisk\">*<\/span><\/label><div><div class=\"vfb-form-group\"><select id=\"vfb-field-94\" class=\"vfb-form-control\" placeholder=\"\" required=\"required\" name=\"vfb-field-94\"><option value=\"S&eacute;lectionnez les services dont vous voulez discuter :\">S\u00e9lectionnez les services dont vous voulez discuter :<\/option><option value=\"Services cr&eacute;atifs\">Services cr\u00e9atifs<\/option><option value=\"--- &Eacute;criture cr&eacute;ative\">--- \u00c9criture cr\u00e9ative<\/option><option value=\"--- Conception de l&rsquo;exp&eacute;rience client\">--- Conception de l\u2019exp\u00e9rience client<\/option><option value=\"--- Branding en ligne et hors ligne\">--- Branding en ligne et hors ligne<\/option><option value=\"Services de marketing digital\">Services de marketing digital<\/option><option value=\"--- Optimisation des moteurs de recherche\">--- Optimisation des moteurs de recherche<\/option><option value=\"--- Marketing de moteur de recherche (SEM)\">--- Marketing de moteur de recherche (SEM)<\/option><option value=\"--- Marketing des m&eacute;dias sociaux (SMM)\">--- Marketing des m\u00e9dias sociaux (SMM)<\/option><option value=\"Autre projet (Veuillez pr&eacute;ciser les d&eacute;tails dans la case de description du projet ci-dessous)\">Autre projet (Veuillez pr\u00e9ciser les d\u00e9tails dans la case de description du projet ci-dessous)<\/option><option value=\"--- Marketing par courriel\">--- Marketing par courriel<\/option><option value=\"--- Gestion de la r&eacute;putation en ligne\">--- Gestion de la r\u00e9putation en ligne<\/option><option value=\"--- Optimisation de la boutique d&#039;applications\">--- Optimisation de la boutique d'applications<\/option><option value=\"--- Marketing par sondage\">--- Marketing par sondage<\/option><option value=\"--- Cr&eacute;ation de liens\">--- Cr\u00e9ation de liens<\/option><option value=\"Services omnichannel et de cybercommerce\">Services omnichannel et de cybercommerce<\/option><option value=\"--- H&eacute;bergement Web\">--- H\u00e9bergement Web<\/option><option value=\"--- D&eacute;veloppement et gestion du Web\">--- D\u00e9veloppement et gestion du Web<\/option><option value=\"--- Solutions de panier d&#039;achat et gestion totale des stocks\">--- Solutions de panier d'achat et gestion totale des stocks<\/option><option value=\"--- Des solutions pour extraits enrichis (rich snippet)\">--- Des solutions pour extraits enrichis (rich snippet)<\/option><option value=\"--- D&eacute;veloppement d&rsquo;applications\">--- D\u00e9veloppement d\u2019applications<\/option><option value=\"--- Merchandising en ligne\">--- Merchandising en ligne<\/option><option value=\"Probl&egrave;mes li&eacute;s au site web\">Probl\u00e8mes li\u00e9s au site web<\/option><\/select><\/div><\/div><\/div><div class=\"vfb-clearfix\"><\/div><div class=\"vfb-col-12 vfb-fieldType-textarea\" id=\"vfbField95\"><div class=\"vfb-form-group\"><label for=\"vfb-field-95\" class=\"vfb-control-label\"> <span class=\"vfb-required-asterisk\">*<\/span><\/label><div><textarea id=\"vfb-field-95\" class=\"vfb-form-control\" placeholder=\"Parlez-nous de votre projet\" required=\"required\" rows=\"10\" name=\"vfb-field-95\" cols=\"50\"><\/textarea><\/div><\/div><\/div><div class=\"vfb-clearfix\"><\/div><div class=\"vfb-col-6 vfb-fieldType-date\" id=\"vfbField96\"><div class=\"vfb-form-group\"><label for=\"vfb-field-96\" class=\"vfb-control-label\">S\u00e9lectionnez votre disponibilit\u00e9 pour discuter du projet : <span class=\"vfb-required-asterisk\">*<\/span><\/label><div><input id=\"vfb-field-96\" class=\"vfb-form-control\" placeholder=\"S&eacute;lectionnez la date\" required=\"required\" data-provide=\"datepicker\" data-date-days-of-week-disabled=\"[6,0]\" data-date-start-view=\"0\" data-date-today-btn=\"false\" data-date-language=\"fr\" data-date-orientation=\"auto\" data-date-autoclose=\"1\" data-date-today-highlight=\"1\" type=\"text\" name=\"vfb-field-96\" value=\"\"><\/div><\/div><\/div><div class=\"vfb-col-6 vfb-fieldType-select\" id=\"vfbField97\"><label for=\"vfb-field-97\" class=\"vfb-control-label\"> <span class=\"vfb-required-asterisk\">*<\/span><\/label><div><div class=\"vfb-form-group\"><select id=\"vfb-field-97\" class=\"vfb-form-control\" placeholder=\"\" required=\"required\" name=\"vfb-field-97\"><option value=\"S&eacute;lectionnez votre fuseau horaire\" selected=\"selected\">S\u00e9lectionnez votre fuseau horaire<\/option><option value=\"(GMT-12:00) International Date Line West\">(GMT-12:00) International Date Line West<\/option><option value=\"(GMT-11:00) Midway Island, Samoa\">(GMT-11:00) Midway Island, Samoa<\/option><option value=\"(GMT-10:00) Hawaii\">(GMT-10:00) Hawaii<\/option><option value=\"(GMT-09:00) Alaska\">(GMT-09:00) Alaska<\/option><option value=\"(GMT-08:00) Pacific Time (US and Canada); Tijuana\">(GMT-08:00) Pacific Time (US and Canada); Tijuana<\/option><option value=\"(GMT-07:00) Mountain Time (US and Canada)\">(GMT-07:00) Mountain Time (US and Canada)<\/option><option value=\"(GMT-07:00) Chihuahua, La Paz, Mazatlan\">(GMT-07:00) Chihuahua, La Paz, Mazatlan<\/option><option value=\"(GMT-07:00) Arizona\">(GMT-07:00) Arizona<\/option><option value=\"(GMT-06:00) Central Time (US and Canada\">(GMT-06:00) Central Time (US and Canada<\/option><option value=\"(GMT-06:00) Saskatchewan\">(GMT-06:00) Saskatchewan<\/option><option value=\"(GMT-06:00) Guadalajara, Mexico City, Monterrey\">(GMT-06:00) Guadalajara, Mexico City, Monterrey<\/option><option value=\"(GMT-06:00) Central America\">(GMT-06:00) Central America<\/option><option value=\"(GMT-05:00) Eastern Time (US and Canada)\">(GMT-05:00) Eastern Time (US and Canada)<\/option><option value=\"(GMT-05:00) Indiana (East)\">(GMT-05:00) Indiana (East)<\/option><option value=\"(GMT-05:00) Bogota, Lima, Quito\">(GMT-05:00) Bogota, Lima, Quito<\/option><option value=\"(GMT-04:00) Atlantic Time (Canada)\">(GMT-04:00) Atlantic Time (Canada)<\/option><option value=\"(GMT-04:00) Caracas, La Paz\">(GMT-04:00) Caracas, La Paz<\/option><option value=\"(GMT-04:00) Santiago\">(GMT-04:00) Santiago<\/option><option value=\"(GMT-03:30) Newfoundland and Labrador\">(GMT-03:30) Newfoundland and Labrador<\/option><option value=\"(GMT-03:00) Brasilia\">(GMT-03:00) Brasilia<\/option><option value=\"(GMT-03:00) Buenos Aires, Georgetown\">(GMT-03:00) Buenos Aires, Georgetown<\/option><option value=\"(GMT-03:00) Greenland\">(GMT-03:00) Greenland<\/option><option value=\"(GMT-02:00) Mid-Atlantic\">(GMT-02:00) Mid-Atlantic<\/option><option value=\"(GMT-01:00) Azores\">(GMT-01:00) Azores<\/option><option value=\"(GMT-01:00) Cape Verde Islands\">(GMT-01:00) Cape Verde Islands<\/option><option value=\"(GMT) Greenwich Mean Time: Dublin, Edinburgh, Lisbon, London\">(GMT) Greenwich Mean Time: Dublin, Edinburgh, Lisbon, London<\/option><option value=\"(GMT) Casablanca, Monrovia\">(GMT) Casablanca, Monrovia<\/option><option value=\"(GMT+01:00) Belgrade, Bratislava, Budapest, Ljubljana, Prague\">(GMT+01:00) Belgrade, Bratislava, Budapest, Ljubljana, Prague<\/option><option value=\"(GMT+01:00) Sarajevo, Skopje, Warsaw, Zagreb\">(GMT+01:00) Sarajevo, Skopje, Warsaw, Zagreb<\/option><option value=\"(GMT+01:00) Brussels, Copenhagen, Madrid, Paris\">(GMT+01:00) Brussels, Copenhagen, Madrid, Paris<\/option><option value=\"(GMT+01:00) Amsterdam, Berlin, Bern, Rome, Stockholm, Vienna\">(GMT+01:00) Amsterdam, Berlin, Bern, Rome, Stockholm, Vienna<\/option><option value=\"(GMT+01:00) West Central Africa\">(GMT+01:00) West Central Africa<\/option><option value=\"(GMT+02:00) Bucharest\">(GMT+02:00) Bucharest<\/option><option value=\"(GMT+02:00) Cairo\">(GMT+02:00) Cairo<\/option><option value=\"(GMT+02:00) Helsinki, Kiev, Riga, Sofia, Tallinn, Vilnius\">(GMT+02:00) Helsinki, Kiev, Riga, Sofia, Tallinn, Vilnius<\/option><option value=\"(GMT+02:00) Athens, Istanbul, Minsk\">(GMT+02:00) Athens, Istanbul, Minsk<\/option><option value=\"(GMT+02:00) Jerusalem\">(GMT+02:00) Jerusalem<\/option><option value=\"(GMT+02:00) Harare, Pretoria\">(GMT+02:00) Harare, Pretoria<\/option><option value=\"(GMT+03:00) Moscow, St. Petersburg, Volgograd\">(GMT+03:00) Moscow, St. Petersburg, Volgograd<\/option><option value=\"(GMT+03:00) Kuwait, Riyadh\">(GMT+03:00) Kuwait, Riyadh<\/option><option value=\"(GMT+03:00) Nairobi\">(GMT+03:00) Nairobi<\/option><option value=\"(GMT+03:00) Baghdad\">(GMT+03:00) Baghdad<\/option><option value=\"(GMT+03:30) Tehran\">(GMT+03:30) Tehran<\/option><option value=\"(GMT+04:00) Abu Dhabi, Muscat\">(GMT+04:00) Abu Dhabi, Muscat<\/option><option value=\"(GMT+04:00) Baku, Tbilisi, Yerevan\">(GMT+04:00) Baku, Tbilisi, Yerevan<\/option><option value=\"(GMT+04:30) Kabul\">(GMT+04:30) Kabul<\/option><option value=\"(GMT+05:00) Ekaterinburg\">(GMT+05:00) Ekaterinburg<\/option><option value=\"(GMT+05:00) Islamabad, Karachi, Tashkent\">(GMT+05:00) Islamabad, Karachi, Tashkent<\/option><option value=\"(GMT+05:30) Chennai, Kolkata, Mumbai, New Delhi\">(GMT+05:30) Chennai, Kolkata, Mumbai, New Delhi<\/option><option value=\"(GMT+05:45) Kathmandu\">(GMT+05:45) Kathmandu<\/option><option value=\"(GMT+06:00) Astana, Dhaka\">(GMT+06:00) Astana, Dhaka<\/option><option value=\"(GMT+06:00) Sri Jayawardenepura\">(GMT+06:00) Sri Jayawardenepura<\/option><option value=\"(GMT+06:00) Almaty, Novosibirsk\">(GMT+06:00) Almaty, Novosibirsk<\/option><option value=\"(GMT+06:30) Yangon Rangoon\">(GMT+06:30) Yangon Rangoon<\/option><option value=\"(GMT+07:00) Bangkok, Hanoi, Jakarta\">(GMT+07:00) Bangkok, Hanoi, Jakarta<\/option><option value=\"(GMT+07:00) Krasnoyarsk\">(GMT+07:00) Krasnoyarsk<\/option><option value=\"(GMT+08:00) Beijing, Chongqing, Hong Kong SAR, Urumqi\">(GMT+08:00) Beijing, Chongqing, Hong Kong SAR, Urumqi<\/option><option value=\"(GMT+08:00) Kuala Lumpur, Singapore\">(GMT+08:00) Kuala Lumpur, Singapore<\/option><option value=\"(GMT+08:00) Taipei\">(GMT+08:00) Taipei<\/option><option value=\"(GMT+08:00) Perth\">(GMT+08:00) Perth<\/option><option value=\"(GMT+08:00) Irkutsk, Ulaanbaatar\">(GMT+08:00) Irkutsk, Ulaanbaatar<\/option><option value=\"(GMT+09:00) Seoul\">(GMT+09:00) Seoul<\/option><option value=\"(GMT+09:00) Osaka, Sapporo, Tokyo\">(GMT+09:00) Osaka, Sapporo, Tokyo<\/option><option value=\"(GMT+09:00) Yakutsk\">(GMT+09:00) Yakutsk<\/option><option value=\"(GMT+09:30) Darwin\">(GMT+09:30) Darwin<\/option><option value=\"(GMT+09:30) Adelaide\">(GMT+09:30) Adelaide<\/option><option value=\"(GMT+10:00) Canberra, Melbourne, Sydney\">(GMT+10:00) Canberra, Melbourne, Sydney<\/option><option value=\"(GMT+10:00) Brisbane\">(GMT+10:00) Brisbane<\/option><option value=\"(GMT+10:00) Hobart\">(GMT+10:00) Hobart<\/option><option value=\"(GMT+10:00) Vladivostok\">(GMT+10:00) Vladivostok<\/option><option value=\"(GMT+10:00) Guam, Port Moresby\">(GMT+10:00) Guam, Port Moresby<\/option><option value=\"(GMT+11:00) Magadan, Solomon Islands, New Caledonia\">(GMT+11:00) Magadan, Solomon Islands, New Caledonia<\/option><option value=\"(GMT+12:00) Fiji Islands, Kamchatka, Marshall Islands\">(GMT+12:00) Fiji Islands, Kamchatka, Marshall Islands<\/option><option value=\"(GMT+12:00) Auckland, Wellington\">(GMT+12:00) Auckland, Wellington<\/option><option value=\"(GMT+13:00) Nuku&#039;alofa\">(GMT+13:00) Nuku'alofa<\/option><\/select><\/div><\/div><\/div><div class=\"vfb-clearfix\"><\/div><div class=\"vfb-col-8 vfb-fieldType-captcha\" id=\"vfbField98\"><div class=\"vfb-form-group\"><label for=\"vfb-field-98\" class=\"vfb-control-label\">Captcha <span class=\"vfb-required-asterisk\">*<\/span><\/label><div><div class=\"g-recaptcha\" data-sitekey=\"6LdXsGIkAAAAAMGoPInK6hVpFOLUZEhK-ausKCHk\"><\/div><input type=\"hidden\" name=\"_vfb_recaptcha_enabled\" value=\"1\" id=\"\"><div class=\"vfb-has-error\" id=\"vfb-recaptcha-error\"><span class=\"vfb-help-block\">reCAPTCHA is required.<\/span><\/div><\/div><\/div><\/div><div class=\"vfb-col-8 vfb-fieldType-submit\" id=\"vfbField99\"><button id=\"vfb-field-99\" class=\" btn btn-primary\" placeholder=\"\" type=\"submit\" name=\"_vfb-submit\">Soumettre <\/button><\/div><div class=\"vfb-clearfix\"><\/div><\/form>\n<\/div><\/section>\n<\/div><\/div><\/div><!-- close content main div --><\/div><\/div><div id='contact-form' class='avia-section main_color avia-section-default avia-no-shadow avia-bg-style-scroll   container_wrap sidebar_right'   ><div class='container' ><div class='template-page content  av-content-small alpha units'><div class='post-entry post-entry-type-page post-entry-3925'><div class='entry-content-wrapper clearfix'>\n<div class=\"flex_column av_one_full  flex_column_div first  \" ><p><div style='padding-bottom:10px;color:#333333;' class='av-special-heading av-special-heading-h2 custom-color-heading blockquote classic-quote   '><h2 class='av-special-heading-tag '  itemprop=\"headline\"  >Notre bureau<\/h2><div class='special-heading-border'><div class='special-heading-inner-border' style='border-color:#333333'><\/div><\/div><\/div><br \/>\n<section class=\"av_textblock_section \"  itemscope=\"itemscope\" itemtype=\"https:\/\/schema.org\/CreativeWork\" ><div class='avia_textblock  '   itemprop=\"text\" ><p style=\"text-align: left;\"><span style=\"color: #000000;\">357 Avenue Charron, L&#8217;\u00cele-Bizard, QC H9C 1L9<\/span><\/p>\n<p id=\"contact-timing\" style=\"text-align: left;\"><strong>Heures de bureau :<\/strong> Monday-Friday: 8 AM &#8211; 5 PM EST<\/p>\n<p style=\"text-align: left;\"><strong>T\u00e9l\u00e9phone local :<\/strong> +1 514 586 2463<\/p>\n<p style=\"text-align: left;\"><strong>Courriel :<\/strong> <a style=\"color: #4ec3ad; text-decoration: underline;\" href=\"mailto:info@integrationyantra.com\">info@integrationyantra.com<\/a><\/p>\n<\/div><\/section><\/p><\/div><\/div><\/div><\/div><!-- close content main div --><\/div><\/div><div id='after_section_2' class='main_color av_default_container_wrap container_wrap sidebar_right'   ><div class='container' ><div class='template-page content  av-content-small alpha units'><div class='post-entry post-entry-type-page post-entry-3925'><div class='entry-content-wrapper clearfix'>\n","protected":false},"excerpt":{"rendered":"","protected":false},"author":1,"featured_media":0,"parent":0,"menu_order":0,"comment_status":"open","ping_status":"closed","template":"","meta":[],"aioseo_notices":[],"yoast_head":"<!-- This site is optimized with the Yoast SEO Premium plugin v20.2.1 (Yoast SEO v20.2.1) - https:\/\/yoast.com\/wordpress\/plugins\/seo\/ -->\n<title>Contactez-nous - Integration Yantra Inc.<\/title>\n<meta name=\"robots\" content=\"index, follow, max-snippet:-1, max-image-preview:large, max-video-preview:-1\" \/>\n<link rel=\"canonical\" href=\"https:\/\/integrationyantra.com\/fr\/contactez-nous\/\" \/>\n<meta property=\"og:locale\" content=\"fr_FR\" \/>\n<meta property=\"og:type\" content=\"article\" \/>\n<meta property=\"og:title\" content=\"Contactez-nous\" \/>\n<meta property=\"og:url\" content=\"https:\/\/integrationyantra.com\/fr\/contactez-nous\/\" \/>\n<meta property=\"og:site_name\" content=\"Integration Yantra Inc.\" \/>\n<meta property=\"article:publisher\" content=\"https:\/\/www.facebook.com\/IntegrationYantra\/\" \/>\n<meta property=\"article:modified_time\" content=\"2026-03-04T04:13:41+00:00\" \/>\n<meta name=\"twitter:card\" content=\"summary_large_image\" \/>\n<meta name=\"twitter:site\" content=\"@iyantrainc\" \/>\n<meta name=\"twitter:label1\" content=\"Est. reading time\" \/>\n\t<meta name=\"twitter:data1\" content=\"2 minutes\" \/>\n<script type=\"application\/ld+json\" class=\"yoast-schema-graph\">{\"@context\":\"https:\/\/schema.org\",\"@graph\":[{\"@type\":\"WebPage\",\"@id\":\"https:\/\/integrationyantra.com\/fr\/contactez-nous\/\",\"url\":\"https:\/\/integrationyantra.com\/fr\/contactez-nous\/\",\"name\":\"Contactez-nous - Integration Yantra Inc.\",\"isPartOf\":{\"@id\":\"https:\/\/integrationyantra.com\/en\/#website\"},\"datePublished\":\"2013-04-05T13:33:38+00:00\",\"dateModified\":\"2026-03-04T04:13:41+00:00\",\"breadcrumb\":{\"@id\":\"https:\/\/integrationyantra.com\/fr\/contactez-nous\/#breadcrumb\"},\"inLanguage\":\"fr-FR\",\"potentialAction\":[{\"@type\":\"ReadAction\",\"target\":[\"https:\/\/integrationyantra.com\/fr\/contactez-nous\/\"]}]},{\"@type\":\"BreadcrumbList\",\"@id\":\"https:\/\/integrationyantra.com\/fr\/contactez-nous\/#breadcrumb\",\"itemListElement\":[{\"@type\":\"ListItem\",\"position\":1,\"name\":\"Home\",\"item\":\"https:\/\/integrationyantra.com\/fr\/\"},{\"@type\":\"ListItem\",\"position\":2,\"name\":\"Contactez-nous\"}]},{\"@type\":\"WebSite\",\"@id\":\"https:\/\/integrationyantra.com\/en\/#website\",\"url\":\"https:\/\/integrationyantra.com\/en\/\",\"name\":\"Integration Yantra Inc.\",\"description\":\"Trusted expert for all your digital solutions\",\"publisher\":{\"@id\":\"https:\/\/integrationyantra.com\/en\/#organization\"},\"potentialAction\":[{\"@type\":\"SearchAction\",\"target\":{\"@type\":\"EntryPoint\",\"urlTemplate\":\"https:\/\/integrationyantra.com\/en\/?s={search_term_string}\"},\"query-input\":\"required name=search_term_string\"}],\"inLanguage\":\"fr-FR\"},{\"@type\":\"Organization\",\"@id\":\"https:\/\/integrationyantra.com\/en\/#organization\",\"name\":\"Integration Yantra Inc.\",\"alternateName\":\"Integration Yantra\",\"url\":\"https:\/\/integrationyantra.com\/en\/\",\"logo\":{\"@type\":\"ImageObject\",\"inLanguage\":\"fr-FR\",\"@id\":\"https:\/\/integrationyantra.com\/en\/#\/schema\/logo\/image\/\",\"url\":\"https:\/\/integrationyantra.com\/wp-content\/uploads\/2023\/03\/integration-yantra-logo-symbol.png\",\"contentUrl\":\"https:\/\/integrationyantra.com\/wp-content\/uploads\/2023\/03\/integration-yantra-logo-symbol.png\",\"width\":149,\"height\":149,\"caption\":\"Integration Yantra Inc.\"},\"image\":{\"@id\":\"https:\/\/integrationyantra.com\/en\/#\/schema\/logo\/image\/\"},\"sameAs\":[\"https:\/\/www.facebook.com\/IntegrationYantra\/\",\"https:\/\/twitter.com\/iyantrainc\",\"https:\/\/www.linkedin.com\/company\/iyantrainc\"]}]}<\/script>\n<!-- \/ Yoast SEO Premium plugin. -->","yoast_head_json":{"title":"Contactez-nous - Integration Yantra Inc.","robots":{"index":"index","follow":"follow","max-snippet":"max-snippet:-1","max-image-preview":"max-image-preview:large","max-video-preview":"max-video-preview:-1"},"canonical":"https:\/\/integrationyantra.com\/fr\/contactez-nous\/","og_locale":"fr_FR","og_type":"article","og_title":"Contactez-nous","og_url":"https:\/\/integrationyantra.com\/fr\/contactez-nous\/","og_site_name":"Integration Yantra Inc.","article_publisher":"https:\/\/www.facebook.com\/IntegrationYantra\/","article_modified_time":"2026-03-04T04:13:41+00:00","twitter_card":"summary_large_image","twitter_site":"@iyantrainc","twitter_misc":{"Est. reading time":"2 minutes"},"schema":{"@context":"https:\/\/schema.org","@graph":[{"@type":"WebPage","@id":"https:\/\/integrationyantra.com\/fr\/contactez-nous\/","url":"https:\/\/integrationyantra.com\/fr\/contactez-nous\/","name":"Contactez-nous - Integration Yantra Inc.","isPartOf":{"@id":"https:\/\/integrationyantra.com\/en\/#website"},"datePublished":"2013-04-05T13:33:38+00:00","dateModified":"2026-03-04T04:13:41+00:00","breadcrumb":{"@id":"https:\/\/integrationyantra.com\/fr\/contactez-nous\/#breadcrumb"},"inLanguage":"fr-FR","potentialAction":[{"@type":"ReadAction","target":["https:\/\/integrationyantra.com\/fr\/contactez-nous\/"]}]},{"@type":"BreadcrumbList","@id":"https:\/\/integrationyantra.com\/fr\/contactez-nous\/#breadcrumb","itemListElement":[{"@type":"ListItem","position":1,"name":"Home","item":"https:\/\/integrationyantra.com\/fr\/"},{"@type":"ListItem","position":2,"name":"Contactez-nous"}]},{"@type":"WebSite","@id":"https:\/\/integrationyantra.com\/en\/#website","url":"https:\/\/integrationyantra.com\/en\/","name":"Integration Yantra Inc.","description":"Trusted expert for all your digital solutions","publisher":{"@id":"https:\/\/integrationyantra.com\/en\/#organization"},"potentialAction":[{"@type":"SearchAction","target":{"@type":"EntryPoint","urlTemplate":"https:\/\/integrationyantra.com\/en\/?s={search_term_string}"},"query-input":"required name=search_term_string"}],"inLanguage":"fr-FR"},{"@type":"Organization","@id":"https:\/\/integrationyantra.com\/en\/#organization","name":"Integration Yantra Inc.","alternateName":"Integration Yantra","url":"https:\/\/integrationyantra.com\/en\/","logo":{"@type":"ImageObject","inLanguage":"fr-FR","@id":"https:\/\/integrationyantra.com\/en\/#\/schema\/logo\/image\/","url":"https:\/\/integrationyantra.com\/wp-content\/uploads\/2023\/03\/integration-yantra-logo-symbol.png","contentUrl":"https:\/\/integrationyantra.com\/wp-content\/uploads\/2023\/03\/integration-yantra-logo-symbol.png","width":149,"height":149,"caption":"Integration Yantra Inc."},"image":{"@id":"https:\/\/integrationyantra.com\/en\/#\/schema\/logo\/image\/"},"sameAs":["https:\/\/www.facebook.com\/IntegrationYantra\/","https:\/\/twitter.com\/iyantrainc","https:\/\/www.linkedin.com\/company\/iyantrainc"]}]}},"_links":{"self":[{"href":"https:\/\/integrationyantra.com\/fr\/wp-json\/wp\/v2\/pages\/3925\/"}],"collection":[{"href":"https:\/\/integrationyantra.com\/fr\/wp-json\/wp\/v2\/pages\/"}],"about":[{"href":"https:\/\/integrationyantra.com\/fr\/wp-json\/wp\/v2\/types\/page\/"}],"author":[{"embeddable":true,"href":"https:\/\/integrationyantra.com\/fr\/wp-json\/wp\/v2\/users\/1\/"}],"replies":[{"embeddable":true,"href":"https:\/\/integrationyantra.com\/fr\/wp-json\/wp\/v2\/comments\/?post=3925"}],"version-history":[{"count":18,"href":"https:\/\/integrationyantra.com\/fr\/wp-json\/wp\/v2\/pages\/3925\/revisions\/"}],"predecessor-version":[{"id":7612,"href":"https:\/\/integrationyantra.com\/fr\/wp-json\/wp\/v2\/pages\/3925\/revisions\/7612\/"}],"wp:attachment":[{"href":"https:\/\/integrationyantra.com\/fr\/wp-json\/wp\/v2\/media\/?parent=3925"}],"curies":[{"name":"wp","href":"https:\/\/api.w.org\/{rel}","templated":true}]}}